{"id":49,"date":"2021-05-13T21:58:23","date_gmt":"2021-05-13T21:58:23","guid":{"rendered":"https:\/\/www.lode-podvrbou.cz\/?page_id=49"},"modified":"2026-04-03T10:55:00","modified_gmt":"2026-04-03T10:55:00","slug":"cenik","status":"publish","type":"page","link":"https:\/\/www.lode-podvrbou.cz\/index.php\/cenik\/","title":{"rendered":"Cen\u00edk"},"content":{"rendered":"\n<p class=\"has-text-align-center has-text-color\" style=\"color:#048c2a\"><strong>CEN\u00cdK Z\u00c1P\u016eJ\u010cKY LOD\u00cd<\/strong><br>V\u00fdbava je v cen\u011b \u2013 vesty, barel, p\u00e1dla<\/p>\n\n\n\n<figure class=\"wp-block-table\"><table><tbody><tr><td class=\"has-text-align-center\" data-align=\"center\"><em>doba<\/em><\/td><td class=\"has-text-align-center\" data-align=\"center\"><em>kanoe 2 m\u00edstn\u00e1<\/em><\/td><td class=\"has-text-align-center\" data-align=\"center\"><em>kanoe 3 m\u00edstn\u00e1<\/em><\/td><\/tr><tr><td class=\"has-text-align-center\" data-align=\"center\">z\u00e1p\u016fj\u010dky<\/td><td class=\"has-text-align-center\" data-align=\"center\">NOAH AGARA<\/td><td class=\"has-text-align-center\" data-align=\"center\">TUKAN<\/td><\/tr><tr><td class=\"has-text-align-center\" data-align=\"center\">1 den<\/td><td class=\"has-text-align-center\" data-align=\"center\">700,-<\/td><td class=\"has-text-align-center\" data-align=\"center\">900,-<\/td><\/tr><tr><td class=\"has-text-align-center\" data-align=\"center\">2 den<\/td><td class=\"has-text-align-center\" data-align=\"center\">900<\/td><td class=\"has-text-align-center\" data-align=\"center\">1200,-<\/td><\/tr><tr><td class=\"has-text-align-center\" data-align=\"center\">3 den<\/td><td class=\"has-text-align-center\" data-align=\"center\">1400,-<\/td><td class=\"has-text-align-center\" data-align=\"center\">1600,-<\/td><\/tr><tr><td class=\"has-text-align-center\" data-align=\"center\">4 den<\/td><td class=\"has-text-align-center\" data-align=\"center\">1600,-<\/td><td class=\"has-text-align-center\" data-align=\"center\">2000,-<\/td><\/tr><tr><td class=\"has-text-align-center\" data-align=\"center\">5 den<\/td><td class=\"has-text-align-center\" data-align=\"center\">2000,-<\/td><td class=\"has-text-align-center\" data-align=\"center\">2600,-<\/td><\/tr><tr><td class=\"has-text-align-center\" data-align=\"center\">6 den<\/td><td class=\"has-text-align-center\" data-align=\"center\">2500,-<\/td><td class=\"has-text-align-center\" data-align=\"center\">3000,-<\/td><\/tr><tr><td class=\"has-text-align-center\" data-align=\"center\">7 den<\/td><td class=\"has-text-align-center\" data-align=\"center\">3000,-<\/td><td class=\"has-text-align-center\" data-align=\"center\">3500,-<\/td><\/tr><\/tbody><\/table><\/figure>\n\n\n\n<h2 class=\"wp-block-heading has-text-align-center has-vivid-red-color has-text-color\"><strong><mark style=\"background-color:rgba(0, 0, 0, 0)\" class=\"has-inline-color has-black-color\">CEN\u00cdK DOPRAVY<\/mark><\/strong><\/h2>\n\n\n\n<div class=\"wp-block-columns is-layout-flex wp-container-core-columns-is-layout-9d6595d7 wp-block-columns-is-layout-flex\">\n<div class=\"wp-block-column is-layout-flow wp-block-column-is-layout-flow\" style=\"flex-basis:100%\">\n<figure class=\"wp-block-table is-style-regular\"><table><tbody><tr><td class=\"has-text-align-center\" data-align=\"center\"><\/td><td class=\"has-text-align-center\" data-align=\"center\"><em><strong><mark style=\"background-color:rgba(0, 0, 0, 0)\" class=\"has-inline-color has-vivid-red-color\">standardn\u00ed<\/mark><\/strong> m\u00edsta vykl\u00e1dky a nakl\u00e1dky<\/em><\/td><td class=\"has-text-align-center\" data-align=\"center\"><em>cena<\/em><\/td><\/tr><tr><td class=\"has-text-align-center\" data-align=\"center\">S\u00c1ZAVA<\/td><td class=\"has-text-align-center\" data-align=\"center\">Lede\u010dko \/ Rataje n.S.<\/td><td class=\"has-text-align-center\" data-align=\"center\">zdarma<\/td><\/tr><tr><td class=\"has-text-align-center\" data-align=\"center\">S\u00c1ZAVA<\/td><td class=\"has-text-align-center\" data-align=\"center\">\u010cesk\u00fd \u0160ternberk<\/td><td class=\"has-text-align-center\" data-align=\"center\">zdarma<\/td><\/tr><tr><td class=\"has-text-align-center\" data-align=\"center\">S\u00c1ZAVA<\/td><td class=\"has-text-align-center\" data-align=\"center\">K\u00e1cov<\/td><td class=\"has-text-align-center\" data-align=\"center\">zdarma<\/td><\/tr><tr><td class=\"has-text-align-center\" data-align=\"center\">S\u00c1ZAVA<\/td><td class=\"has-text-align-center\" data-align=\"center\">St\u0159\u00edbrn\u00e1 Skalice \/ Chocerady<\/td><td class=\"has-text-align-center\" data-align=\"center\">zdarma<\/td><\/tr><tr><td class=\"has-text-align-center\" data-align=\"center\">S\u00c1ZAVA<\/td><td class=\"has-text-align-center\" data-align=\"center\">Zlenice \/ \u010cer\u010dany<\/td><td class=\"has-text-align-center\" data-align=\"center\">zdarma<\/td><\/tr><tr><td class=\"has-text-align-center\" data-align=\"center\">S\u00c1ZAVA<\/td><td class=\"has-text-align-center\" data-align=\"center\">T\u00fdnec n. S.<\/td><td class=\"has-text-align-center\" data-align=\"center\">zdarma<\/td><\/tr><\/tbody><\/table><\/figure>\n<\/div>\n<\/div>\n\n\n\n<h2 class=\"wp-block-heading has-text-align-center\"><mark style=\"background-color:rgba(0, 0, 0, 0)\" class=\"has-inline-color has-vivid-red-color\">Doprava z nebo do jin\u00e9ho ne\u017e<\/mark><br><mark style=\"background-color:rgba(0, 0, 0, 0)\" class=\"has-inline-color has-vivid-red-color\">&#8222;<strong>standardn\u00edho<\/strong>&#8222;<\/mark><br><mark style=\"background-color:rgba(0, 0, 0, 0)\" class=\"has-inline-color has-vivid-red-color\"><mark style=\"background-color:rgba(0, 0, 0, 0)\" class=\"has-inline-color has-vivid-red-color\">m\u00edsta<\/mark> je mo\u017en\u00e1 .<br><\/mark><mark style=\"background-color:rgba(0, 0, 0, 0)\" class=\"has-inline-color has-cyan-bluish-gray-color\">&gt;&gt;<\/mark><mark style=\"background-color:rgba(0, 0, 0, 0)\" class=\"has-inline-color has-vivid-red-color\"> <\/mark><strong><mark style=\"background-color:rgba(0, 0, 0, 0)\" class=\"has-inline-color has-black-color\">Tato doprava je placen\u00e1<\/mark><\/strong><mark style=\"background-color:rgba(0, 0, 0, 0)\" class=\"has-inline-color has-vivid-red-color\">  <\/mark><mark style=\"background-color:rgba(0, 0, 0, 0)\" class=\"has-inline-color has-cyan-bluish-gray-color\">&lt;&lt;<\/mark><mark style=\"background-color:rgba(0, 0, 0, 0)\" class=\"has-inline-color has-vivid-red-color\"><br>Domluva p\u0159edem je <strong>NEZBYTN\u00c1<\/strong>.<\/mark><\/h2>\n\n\n\n<p class=\"has-text-align-center\">&#8211;<\/p>\n\n\n\n<p class=\"has-text-align-center\">Odvoz a svoz lod\u00ed po \u0159ece S\u00e1zav\u011b kdekoliv po telefonick\u00e9 dohod\u011b.<br><strong>JI\u0158\u00cd NOV\u00c1K &#8211; tel. : <\/strong><br><strong>+420 607 838 213<\/strong><\/p>\n\n\n\n<p><\/p>\n","protected":false},"excerpt":{"rendered":"<p>CEN\u00cdK Z\u00c1P\u016eJ\u010cKY LOD\u00cdV\u00fdbava je v cen\u011b \u2013 vesty, barel, p\u00e1dla doba kanoe 2 m\u00edstn\u00e1 kanoe 3 m\u00edstn\u00e1 z\u00e1p\u016fj\u010dky NOAH AGARA TUKAN 1 den 700,- 900,- 2 den 900 1200,- 3 den 1400,- 1600,- 4 den 1600,- 2000,- 5 den 2000,- 2600,- 6 den 2500,- 3000,- 7 den 3000,- 3500,- CEN\u00cdK DOPRAVY standardn\u00ed m\u00edsta vykl\u00e1dky a &hellip; <\/p>\n<p class=\"link-more\"><a href=\"https:\/\/www.lode-podvrbou.cz\/index.php\/cenik\/\" class=\"more-link\">Pokra\u010dovat ve \u010dten\u00ed<span class=\"screen-reader-text\"> &#8222;Cen\u00edk&#8220;<\/span><\/a><\/p>\n","protected":false},"author":1,"featured_media":0,"parent":0,"menu_order":0,"comment_status":"closed","ping_status":"closed","template":"","meta":{"footnotes":""},"class_list":["post-49","page","type-page","status-publish","hentry"],"_links":{"self":[{"href":"https:\/\/www.lode-podvrbou.cz\/index.php\/wp-json\/wp\/v2\/pages\/49","targetHints":{"allow":["GET"]}}],"collection":[{"href":"https:\/\/www.lode-podvrbou.cz\/index.php\/wp-json\/wp\/v2\/pages"}],"about":[{"href":"https:\/\/www.lode-podvrbou.cz\/index.php\/wp-json\/wp\/v2\/types\/page"}],"author":[{"embeddable":true,"href":"https:\/\/www.lode-podvrbou.cz\/index.php\/wp-json\/wp\/v2\/users\/1"}],"replies":[{"embeddable":true,"href":"https:\/\/www.lode-podvrbou.cz\/index.php\/wp-json\/wp\/v2\/comments?post=49"}],"version-history":[{"count":21,"href":"https:\/\/www.lode-podvrbou.cz\/index.php\/wp-json\/wp\/v2\/pages\/49\/revisions"}],"predecessor-version":[{"id":198,"href":"https:\/\/www.lode-podvrbou.cz\/index.php\/wp-json\/wp\/v2\/pages\/49\/revisions\/198"}],"wp:attachment":[{"href":"https:\/\/www.lode-podvrbou.cz\/index.php\/wp-json\/wp\/v2\/media?parent=49"}],"curies":[{"name":"wp","href":"https:\/\/api.w.org\/{rel}","templated":true}]}}