{"id":19,"date":"2021-04-30T14:04:55","date_gmt":"2021-04-30T14:04:55","guid":{"rendered":"https:\/\/www.lode-podvrbou.cz\/?page_id=19"},"modified":"2021-05-14T05:44:37","modified_gmt":"2021-05-14T05:44:37","slug":"kontakt","status":"publish","type":"page","link":"https:\/\/www.lode-podvrbou.cz\/index.php\/kontakt\/","title":{"rendered":"Kontakt"},"content":{"rendered":"\n<p><strong>Ji\u0159\u00ed Nov\u00e1k<\/strong><br><strong>+420 607 838 213<\/strong><br><strong> &#8211;  NEP\u0158ETR\u017dIT\u011a<\/strong><br>>  p\u0159i zme\u0161kan\u00e9m hovoru vol\u00e1m zp\u011bt   &lt;<br>__________________________________<\/p>\n\n\n\n<p>Kemp Pod Vrbou<br>K Havr\u00e1nk\u00e1m<br>285 06 S\u00c1ZAVA<\/p>\n","protected":false},"excerpt":{"rendered":"<p>Ji\u0159\u00ed Nov\u00e1k+420 607 838 213 &#8211; NEP\u0158ETR\u017dIT\u011a> p\u0159i zme\u0161kan\u00e9m hovoru vol\u00e1m zp\u011bt &lt;__________________________________ Kemp Pod VrbouK Havr\u00e1nk\u00e1m285 06 S\u00c1ZAVA<\/p>\n","protected":false},"author":1,"featured_media":0,"parent":0,"menu_order":0,"comment_status":"closed","ping_status":"closed","template":"","meta":{"footnotes":""},"class_list":["post-19","page","type-page","status-publish","hentry"],"_links":{"self":[{"href":"https:\/\/www.lode-podvrbou.cz\/index.php\/wp-json\/wp\/v2\/pages\/19","targetHints":{"allow":["GET"]}}],"collection":[{"href":"https:\/\/www.lode-podvrbou.cz\/index.php\/wp-json\/wp\/v2\/pages"}],"about":[{"href":"https:\/\/www.lode-podvrbou.cz\/index.php\/wp-json\/wp\/v2\/types\/page"}],"author":[{"embeddable":true,"href":"https:\/\/www.lode-podvrbou.cz\/index.php\/wp-json\/wp\/v2\/users\/1"}],"replies":[{"embeddable":true,"href":"https:\/\/www.lode-podvrbou.cz\/index.php\/wp-json\/wp\/v2\/comments?post=19"}],"version-history":[{"count":8,"href":"https:\/\/www.lode-podvrbou.cz\/index.php\/wp-json\/wp\/v2\/pages\/19\/revisions"}],"predecessor-version":[{"id":106,"href":"https:\/\/www.lode-podvrbou.cz\/index.php\/wp-json\/wp\/v2\/pages\/19\/revisions\/106"}],"wp:attachment":[{"href":"https:\/\/www.lode-podvrbou.cz\/index.php\/wp-json\/wp\/v2\/media?parent=19"}],"curies":[{"name":"wp","href":"https:\/\/api.w.org\/{rel}","templated":true}]}}